{"id":314,"date":"2025-11-13T16:30:13","date_gmt":"2025-11-13T15:30:13","guid":{"rendered":"https:\/\/buecherei.haidershofen.at\/bv_wp\/?page_id=314"},"modified":"2026-02-01T13:41:15","modified_gmt":"2026-02-01T12:41:15","slug":"gebuehren","status":"publish","type":"page","link":"https:\/\/buecherei.haidershofen.at\/bv_wp\/gebuehren\/","title":{"rendered":"Geb\u00fchren"},"content":{"rendered":"<style>.kb-row-layout-id314_781c44-93 > .kt-row-column-wrap{align-content:start;}:where(.kb-row-layout-id314_781c44-93 > .kt-row-column-wrap) > .wp-block-kadence-column{justify-content:start;}.kb-row-layout-id314_781c44-93 > .kt-row-column-wrap{column-gap:var(--global-kb-gap-md, 2rem);row-gap:var(--global-kb-gap-md, 2rem);padding-top:2%;padding-right:8%;padding-bottom:2%;padding-left:8%;grid-template-columns:minmax(0, 1fr);}.kb-row-layout-id314_781c44-93 > .kt-row-layout-overlay{opacity:0.30;}@media all and (max-width: 1024px){.kb-row-layout-id314_781c44-93 > .kt-row-column-wrap{grid-template-columns:minmax(0, 1fr);}}@media all and (max-width: 767px){.kb-row-layout-id314_781c44-93 > .kt-row-column-wrap{grid-template-columns:minmax(0, 1fr);}}<\/style><div class=\"kb-row-layout-wrap kb-row-layout-id314_781c44-93 alignnone wp-block-kadence-rowlayout\"><div class=\"kt-row-column-wrap kt-has-1-columns kt-row-layout-equal kt-tab-layout-inherit kt-mobile-layout-row kt-row-valign-top\">\n<style>.kadence-column314_44db84-e2 > .kt-inside-inner-col,.kadence-column314_44db84-e2 > .kt-inside-inner-col:before{border-top-left-radius:0px;border-top-right-radius:0px;border-bottom-right-radius:0px;border-bottom-left-radius:0px;}.kadence-column314_44db84-e2 > .kt-inside-inner-col{column-gap:var(--global-kb-gap-sm, 1rem);}.kadence-column314_44db84-e2 > .kt-inside-inner-col{flex-direction:column;}.kadence-column314_44db84-e2 > .kt-inside-inner-col > .aligncenter{width:100%;}.kadence-column314_44db84-e2 > .kt-inside-inner-col:before{opacity:0.3;}.kadence-column314_44db84-e2{position:relative;}@media all and (max-width: 1024px){.kadence-column314_44db84-e2 > .kt-inside-inner-col{flex-direction:column;justify-content:center;}}@media all and (max-width: 767px){.kadence-column314_44db84-e2 > .kt-inside-inner-col{flex-direction:column;justify-content:center;}}<\/style>\n<div class=\"wp-block-kadence-column kadence-column314_44db84-e2\"><div class=\"kt-inside-inner-col\"><style>.wp-block-kadence-advancedheading.kt-adv-heading314_b58892-31, .wp-block-kadence-advancedheading.kt-adv-heading314_b58892-31[data-kb-block=\"kb-adv-heading314_b58892-31\"]{font-style:normal;}.wp-block-kadence-advancedheading.kt-adv-heading314_b58892-31 mark.kt-highlight, .wp-block-kadence-advancedheading.kt-adv-heading314_b58892-31[data-kb-block=\"kb-adv-heading314_b58892-31\"] mark.kt-highlight{font-style:normal;color:#f76a0c;-webkit-box-decoration-break:clone;box-decoration-break:clone;padding-top:0px;padding-right:0px;padding-bottom:0px;padding-left:0px;}.wp-block-kadence-advancedheading.kt-adv-heading314_b58892-31 img.kb-inline-image, .wp-block-kadence-advancedheading.kt-adv-heading314_b58892-31[data-kb-block=\"kb-adv-heading314_b58892-31\"] img.kb-inline-image{width:150px;vertical-align:baseline;}<\/style>\n<h2 class=\"kt-adv-heading314_b58892-31 wp-block-kadence-advancedheading\" data-kb-block=\"kb-adv-heading314_b58892-31\">Geb\u00fchren<\/h2>\n<\/div><\/div>\n\n<\/div><\/div>\n\n<style>.kb-row-layout-id314_0f7740-8a > .kt-row-column-wrap{align-content:start;}:where(.kb-row-layout-id314_0f7740-8a > .kt-row-column-wrap) > .wp-block-kadence-column{justify-content:start;}.kb-row-layout-id314_0f7740-8a > .kt-row-column-wrap{column-gap:var(--global-kb-gap-lg, 4rem);row-gap:var(--global-kb-gap-md, 2rem);padding-top:2%;padding-right:8%;padding-bottom:2%;padding-left:8%;grid-template-columns:minmax(0, calc(45% - ((var(--global-kb-gap-lg, 4rem) * 1 )\/2)))minmax(0, calc(55% - ((var(--global-kb-gap-lg, 4rem) * 1 )\/2)));}.kb-row-layout-id314_0f7740-8a > .kt-row-layout-overlay{opacity:0.30;}@media all and (max-width: 1024px){.kb-row-layout-id314_0f7740-8a > .kt-row-column-wrap{grid-template-columns:repeat(2, minmax(0, 1fr));}}@media all and (max-width: 767px){.kb-row-layout-id314_0f7740-8a > .kt-row-column-wrap{grid-template-columns:minmax(0, 1fr);}}<\/style><div class=\"kb-row-layout-wrap kb-row-layout-id314_0f7740-8a alignnone wp-block-kadence-rowlayout\"><div class=\"kt-row-column-wrap kt-has-2-columns kt-row-layout-equal kt-tab-layout-inherit kt-mobile-layout-row kt-row-valign-top\">\n<style>.kadence-column314_c0e55c-27 > .kt-inside-inner-col,.kadence-column314_c0e55c-27 > .kt-inside-inner-col:before{border-top-left-radius:0px;border-top-right-radius:0px;border-bottom-right-radius:0px;border-bottom-left-radius:0px;}.kadence-column314_c0e55c-27 > .kt-inside-inner-col{column-gap:var(--global-kb-gap-sm, 1rem);}.kadence-column314_c0e55c-27 > .kt-inside-inner-col{flex-direction:column;}.kadence-column314_c0e55c-27 > .kt-inside-inner-col > .aligncenter{width:100%;}.kadence-column314_c0e55c-27 > .kt-inside-inner-col:before{opacity:0.3;}.kadence-column314_c0e55c-27{position:relative;}@media all and (max-width: 1024px){.kadence-column314_c0e55c-27 > .kt-inside-inner-col{flex-direction:column;justify-content:center;}}@media all and (max-width: 767px){.kadence-column314_c0e55c-27 > .kt-inside-inner-col{flex-direction:column;justify-content:center;}}<\/style>\n<div class=\"wp-block-kadence-column kadence-column314_c0e55c-27\"><div class=\"kt-inside-inner-col\"><style>.wp-block-kadence-advancedheading.kt-adv-heading314_67d7bf-6c, .wp-block-kadence-advancedheading.kt-adv-heading314_67d7bf-6c[data-kb-block=\"kb-adv-heading314_67d7bf-6c\"]{font-size:1rem;font-style:normal;}.wp-block-kadence-advancedheading.kt-adv-heading314_67d7bf-6c mark.kt-highlight, .wp-block-kadence-advancedheading.kt-adv-heading314_67d7bf-6c[data-kb-block=\"kb-adv-heading314_67d7bf-6c\"] mark.kt-highlight{font-style:normal;color:#f76a0c;-webkit-box-decoration-break:clone;box-decoration-break:clone;padding-top:0px;padding-right:0px;padding-bottom:0px;padding-left:0px;}.wp-block-kadence-advancedheading.kt-adv-heading314_67d7bf-6c img.kb-inline-image, .wp-block-kadence-advancedheading.kt-adv-heading314_67d7bf-6c[data-kb-block=\"kb-adv-heading314_67d7bf-6c\"] img.kb-inline-image{width:150px;vertical-align:baseline;}<\/style>\n<p class=\"kt-adv-heading314_67d7bf-6c wp-block-kadence-advancedheading\" data-kb-block=\"kb-adv-heading314_67d7bf-6c\">Wir m\u00f6chten, dass Lesen f\u00fcr alle m\u00f6glich ist \u2013 besonders f\u00fcr Familien mit Kindern. Deshalb halten wir unsere Geb\u00fchren f\u00fcr <a href=\"https:\/\/buecherei.haidershofen.at\/bv_wp\/unsere-angebote\/\" data-type=\"page\" data-id=\"7\">unser Angebot<\/a> bewusst niedrig. Es gibt zwei Stufen: eine f\u00fcr Erwachsene und eine f\u00fcr Kinder, Jugendliche und Senior*innen.<\/p>\n\n\n\n<p>Sollte ein Buch einmal l\u00e4nger im Regal stehen bleiben und nicht p\u00fcnktlich zur\u00fcckkommen, ist das kein Problem \u2013 nach Ende der Leihfrist schicken wir eine freundliche Erinnerung. Die Geb\u00fchren werden ganz einfach bei der R\u00fcckgabe verrechnet.<\/p>\n\n\n\n<p>B\u00fccher k\u00f6nnen 4 Wochen ausgeliehen werden, andere Medien 2 Wochen. Wenn Sie etwas mehr Zeit brauchen, k\u00f6nnen Sie die Leihdauer problemlos um 2 Wochen verl\u00e4ngern \u2013 entweder pers\u00f6nlich w\u00e4hrend der Ausleihzeiten oder bequem per <a href=\"mailto:buecherei-vestenthal@haidershofen.at\">E-Mail<\/a> oder <a href=\"tel:07434 20343\">Telefon<\/a> (bitte mit Leser- und Mediennummer). Wenn die Frist deutlich \u00fcberschritten ist, erhalten Sie eine Mahnung per Post.<\/p>\n<\/div><\/div>\n\n\n<style>.kadence-column314_cdd5da-81 > .kt-inside-inner-col,.kadence-column314_cdd5da-81 > .kt-inside-inner-col:before{border-top-left-radius:0px;border-top-right-radius:0px;border-bottom-right-radius:0px;border-bottom-left-radius:0px;}.kadence-column314_cdd5da-81 > .kt-inside-inner-col{column-gap:var(--global-kb-gap-sm, 1rem);}.kadence-column314_cdd5da-81 > .kt-inside-inner-col{flex-direction:column;}.kadence-column314_cdd5da-81 > .kt-inside-inner-col > .aligncenter{width:100%;}.kadence-column314_cdd5da-81 > .kt-inside-inner-col:before{opacity:0.3;}.kadence-column314_cdd5da-81{position:relative;}@media all and (max-width: 1024px){.kadence-column314_cdd5da-81 > .kt-inside-inner-col{flex-direction:column;justify-content:center;}}@media all and (max-width: 767px){.kadence-column314_cdd5da-81 > .kt-inside-inner-col{padding-right:0px;padding-left:0px;flex-direction:column;justify-content:center;}.kadence-column314_cdd5da-81, .kt-inside-inner-col > .kadence-column314_cdd5da-81:not(.specificity){margin-top:0px;margin-right:0px;}}<\/style>\n<div class=\"wp-block-kadence-column kadence-column314_cdd5da-81\"><div class=\"kt-inside-inner-col\"><style>.kb-table-container314_bf8ee6-35{font-family:'Open Sans';font-weight:400;overflow-x:auto;}.kb-table-container .kb-table314_bf8ee6-35 th{padding-top:var(--global-kb-spacing-xxs, 0.5rem);padding-right:var(--global-kb-spacing-xxs, 0.5rem);padding-bottom:var(--global-kb-spacing-xxs, 0.5rem);padding-left:var(--global-kb-spacing-xxs, 0.5rem);text-align:center;}.kb-table-container .kb-table314_bf8ee6-35 td{padding-top:var(--global-kb-spacing-xxs, 0.5rem);padding-right:var(--global-kb-spacing-xxs, 0.5rem);padding-bottom:var(--global-kb-spacing-xxs, 0.5rem);padding-left:var(--global-kb-spacing-xxs, 0.5rem);text-align:left;}.kb-table-container .kb-table314_bf8ee6-35 td, .kb-table314_bf8ee6-35 th{border-top:1px double var(--global-palette1, #3182CE);border-right:1px double var(--global-palette1, #3182CE);border-bottom:1px double var(--global-palette1, #3182CE);border-left:1px double var(--global-palette1, #3182CE);}@media all and (max-width: 1024px){.kb-table-container .kb-table314_bf8ee6-35 td, .kb-table314_bf8ee6-35 th{border-top:1px double var(--global-palette1, #3182CE);border-right:1px double var(--global-palette1, #3182CE);border-bottom:1px double var(--global-palette1, #3182CE);border-left:1px double var(--global-palette1, #3182CE);}}@media all and (max-width: 767px){.kb-table-container314_bf8ee6-35{padding-right:0px;padding-left:0px;margin-right:0px;margin-left:0px;max-width:100%;}.kb-table-container .kb-table314_bf8ee6-35 td, .kb-table314_bf8ee6-35 th{border-top:1px double var(--global-palette1, #3182CE);border-right:1px double var(--global-palette1, #3182CE);border-bottom:1px double var(--global-palette1, #3182CE);border-left:1px double var(--global-palette1, #3182CE);}}<\/style><div class=\"kb-table-container kb-table-container314_bf8ee6-35 wp-block-kadence-table\"><table class=\"kb-table kb-table314_bf8ee6-35\">\n<style>.kb-table-container .kb-table tr.kb-table-row314_357af9-06{background-color:var(--global-palette7, #EDF2F7);}<\/style><tr class=\"kb-table-row kb-table-row314_357af9-06\">\n<th class=\"kb-table-data kb-table-data314_97fc37-a1\">\n<style>.wp-block-kadence-advancedheading.kt-adv-heading314_8d97c0-6f, .wp-block-kadence-advancedheading.kt-adv-heading314_8d97c0-6f[data-kb-block=\"kb-adv-heading314_8d97c0-6f\"]{font-style:normal;}.wp-block-kadence-advancedheading.kt-adv-heading314_8d97c0-6f mark.kt-highlight, .wp-block-kadence-advancedheading.kt-adv-heading314_8d97c0-6f[data-kb-block=\"kb-adv-heading314_8d97c0-6f\"] mark.kt-highlight{font-style:normal;color:#f76a0c;-webkit-box-decoration-break:clone;box-decoration-break:clone;padding-top:0px;padding-right:0px;padding-bottom:0px;padding-left:0px;}.wp-block-kadence-advancedheading.kt-adv-heading314_8d97c0-6f img.kb-inline-image, .wp-block-kadence-advancedheading.kt-adv-heading314_8d97c0-6f[data-kb-block=\"kb-adv-heading314_8d97c0-6f\"] img.kb-inline-image{width:150px;vertical-align:baseline;}<\/style>\n<h5 class=\"kt-adv-heading314_8d97c0-6f wp-block-kadence-advancedheading\" data-kb-block=\"kb-adv-heading314_8d97c0-6f\">Medium<\/h5>\n\n<\/314_97fc37-a1>\n\n<th class=\"kb-table-data kb-table-data314_39f7ac-49\">\n<style>.wp-block-kadence-advancedheading.kt-adv-heading314_2835b5-60, .wp-block-kadence-advancedheading.kt-adv-heading314_2835b5-60[data-kb-block=\"kb-adv-heading314_2835b5-60\"]{font-style:normal;}.wp-block-kadence-advancedheading.kt-adv-heading314_2835b5-60 mark.kt-highlight, .wp-block-kadence-advancedheading.kt-adv-heading314_2835b5-60[data-kb-block=\"kb-adv-heading314_2835b5-60\"] mark.kt-highlight{font-style:normal;color:#f76a0c;-webkit-box-decoration-break:clone;box-decoration-break:clone;padding-top:0px;padding-right:0px;padding-bottom:0px;padding-left:0px;}.wp-block-kadence-advancedheading.kt-adv-heading314_2835b5-60 img.kb-inline-image, .wp-block-kadence-advancedheading.kt-adv-heading314_2835b5-60[data-kb-block=\"kb-adv-heading314_2835b5-60\"] img.kb-inline-image{width:150px;vertical-align:baseline;}<\/style>\n<h5 class=\"kt-adv-heading314_2835b5-60 wp-block-kadence-advancedheading\" data-kb-block=\"kb-adv-heading314_2835b5-60\">Geb\u00fchren pro Woche<\/h5>\n\n<\/314_39f7ac-49>\n<\/tr>\n\n<tr class=\"kb-table-row kb-table-row314_2a1288-19\">\n<td class=\"kb-table-data kb-table-data314_f37cdc-2a\">\n\n<p><strong>B\u00fccher Erwachsene<\/strong><\/p>\n\n<\/314_f37cdc-2a>\n\n<td class=\"kb-table-data kb-table-data314_f4f83c-49\">\n\n<p>30 Cent<\/p>\n\n<\/314_f4f83c-49>\n<\/tr>\n\n<style>.kb-table-container .kb-table tr.kb-table-row314_6996e3-b0{background-color:var(--global-palette9, #ffffff);}<\/style><tr class=\"kb-table-row kb-table-row314_6996e3-b0\">\n<td class=\"kb-table-data kb-table-data314_68fc48-3e\">\n\n<p><strong>B\u00fccher Kinder \/ Senioren<\/strong><\/p>\n\n<\/314_68fc48-3e>\n\n<td class=\"kb-table-data kb-table-data314_f2d7d6-24\">\n\n<p>20 Cent<\/p>\n\n<\/314_f2d7d6-24>\n<\/tr>\n\n<tr class=\"kb-table-row kb-table-row314_bc244d-61\">\n<td class=\"kb-table-data kb-table-data314_db90a0-93\">\n\n<p><strong>Zeitschriften<\/strong><\/p>\n\n<\/314_db90a0-93>\n\n<td class=\"kb-table-data kb-table-data314_34011c-ac\">\n\n<p>30 Cent<\/p>\n\n<\/314_34011c-ac>\n<\/tr>\n\n<style>.kb-table-container .kb-table tr.kb-table-row314_c973b0-b5{background-color:var(--global-palette9, #ffffff);}<\/style><tr class=\"kb-table-row kb-table-row314_c973b0-b5\">\n<td class=\"kb-table-data kb-table-data314_9d1534-98\">\n\n<p><strong>CDs und H\u00f6rb\u00fccher<\/strong><\/p>\n\n<\/314_9d1534-98>\n\n<td class=\"kb-table-data kb-table-data314_3a2515-57\">\n\n<p>50 Cent<\/p>\n\n<\/314_3a2515-57>\n<\/tr>\n\n<tr class=\"kb-table-row kb-table-row314_9eb0b9-b9\">\n<td class=\"kb-table-data kb-table-data314_b45cb0-3d\">\n\n<p><strong>Spiele<\/strong><\/p>\n\n<\/314_b45cb0-3d>\n\n<td class=\"kb-table-data kb-table-data314_7efc20-0f\">\n\n<p>50 Cent<\/p>\n\n<\/314_7efc20-0f>\n<\/tr>\n\n<style>.kb-table-container .kb-table tr.kb-table-row314_bb0572-d6{background-color:var(--global-palette9, #ffffff);}<\/style><tr class=\"kb-table-row kb-table-row314_bb0572-d6\">\n<td class=\"kb-table-data kb-table-data314_a2d738-e3\">\n\n<p><strong>DVDs<\/strong><\/p>\n\n<\/314_a2d738-e3>\n\n<td class=\"kb-table-data kb-table-data314_9b04c6-cb\">\n\n<p>1 Euro<\/p>\n\n<\/314_9b04c6-cb>\n<\/tr>\n\n<tr class=\"kb-table-row kb-table-row314_46b856-42\">\n<td class=\"kb-table-data kb-table-data314_db287f-5b\">\n\n<p><strong>Mahnung<\/strong><\/p>\n\n<\/314_db287f-5b>\n\n<td class=\"kb-table-data kb-table-data314_4714ad-ca\">\n\n<p>1 Euro pro Mahnung<\/p>\n\n<\/314_4714ad-ca>\n<\/tr>\n\n<style>.kb-table-container .kb-table tr.kb-table-row314_62d17a-8b{background-color:var(--global-palette9, #ffffff);}<\/style><tr class=\"kb-table-row kb-table-row314_62d17a-8b\">\n<td class=\"kb-table-data kb-table-data314_946fab-06\">\n<style>.wp-block-kadence-advancedheading.kt-adv-heading314_a28fdd-d1, .wp-block-kadence-advancedheading.kt-adv-heading314_a28fdd-d1[data-kb-block=\"kb-adv-heading314_a28fdd-d1\"]{padding-top:0px;padding-bottom:0px;margin-bottom:0px;font-style:normal;}.wp-block-kadence-advancedheading.kt-adv-heading314_a28fdd-d1 mark.kt-highlight, .wp-block-kadence-advancedheading.kt-adv-heading314_a28fdd-d1[data-kb-block=\"kb-adv-heading314_a28fdd-d1\"] mark.kt-highlight{font-style:normal;color:#f76a0c;-webkit-box-decoration-break:clone;box-decoration-break:clone;padding-top:0px;padding-right:0px;padding-bottom:0px;padding-left:0px;}.wp-block-kadence-advancedheading.kt-adv-heading314_a28fdd-d1 img.kb-inline-image, .wp-block-kadence-advancedheading.kt-adv-heading314_a28fdd-d1[data-kb-block=\"kb-adv-heading314_a28fdd-d1\"] img.kb-inline-image{width:150px;vertical-align:baseline;}<\/style>\n<p class=\"kt-adv-heading314_a28fdd-d1 wp-block-kadence-advancedheading\" data-kb-block=\"kb-adv-heading314_a28fdd-d1\"><strong>Familienkarte<\/strong><\/p>\n\n\n<style>.wp-block-kadence-iconlist.kt-svg-icon-list-items314_cb57e4-64:not(.this-stops-third-party-issues){margin-top:0px;margin-bottom:0px;}.wp-block-kadence-iconlist.kt-svg-icon-list-items314_cb57e4-64 ul.kt-svg-icon-list:not(.this-prevents-issues):not(.this-stops-third-party-issues):not(.tijsloc){margin-top:0px;margin-right:0px;margin-bottom:0px;margin-left:0px;}.wp-block-kadence-iconlist.kt-svg-icon-list-items314_cb57e4-64 ul.kt-svg-icon-list{grid-row-gap:5px;}.wp-block-kadence-iconlist.kt-svg-icon-list-items314_cb57e4-64 ul.kt-svg-icon-list .kt-svg-icon-list-item-wrap .kt-svg-icon-list-single{margin-right:10px;}.kt-svg-icon-list-items314_cb57e4-64 ul.kt-svg-icon-list .kt-svg-icon-list-item-wrap, .kt-svg-icon-list-items314_cb57e4-64 ul.kt-svg-icon-list .kt-svg-icon-list-item-wrap a{letter-spacing:0px;}.kt-svg-icon-list-items314_cb57e4-64 ul.kt-svg-icon-list .kt-svg-icon-list-level-0 .kt-svg-icon-list-single svg{font-size:20px;}<\/style>\n<div class=\"wp-block-kadence-iconlist kt-svg-icon-list-items kt-svg-icon-list-items314_cb57e4-64 kt-svg-icon-list-columns-1 alignnone\"><ul class=\"kt-svg-icon-list\"><style>.kt-svg-icon-list-item-314_22ca82-b5 .kt-svg-icon-list-text mark.kt-highlight{background-color:unset;font-style:normal;color:#f76a0c;-webkit-box-decoration-break:clone;box-decoration-break:clone;}<\/style>\n<li class=\"wp-block-kadence-listitem kt-svg-icon-list-item-wrap kt-svg-icon-list-item-314_22ca82-b5\"><span class=\"kb-svg-icon-wrap kb-svg-icon-fe_arrowRight kt-svg-icon-list-single\"><svg viewBox=\"0 0 24 24\"  fill=\"none\" stroke=\"currentColor\" stroke-width=\"2\" stroke-linecap=\"round\" stroke-linejoin=\"round\" xmlns=\"http:\/\/www.w3.org\/2000\/svg\"  aria-hidden=\"true\"><line x1=\"5\" y1=\"12\" x2=\"19\" y2=\"12\"\/><polyline points=\"12 5 19 12 12 19\"\/><\/svg><\/span><span class=\"kt-svg-icon-list-text\">Die ganze Familie kann gemeinsam in die Welt der B\u00fccher eintauchen<\/span><\/li>\n<\/ul><\/div>\n\n<\/314_946fab-06>\n\n<td class=\"kb-table-data kb-table-data314_47c020-aa\">\n\n<p>18 Euro im Jahr<\/p>\n\n<\/314_47c020-aa>\n<\/tr>\n\n<tr class=\"kb-table-row kb-table-row314_5e6f7b-a9\">\n<td class=\"kb-table-data kb-table-data314_60dfd4-95\">\n<style>.wp-block-kadence-advancedheading.kt-adv-heading314_5d02dc-da, .wp-block-kadence-advancedheading.kt-adv-heading314_5d02dc-da[data-kb-block=\"kb-adv-heading314_5d02dc-da\"]{padding-top:0px;padding-bottom:0px;margin-bottom:0px;font-style:normal;}.wp-block-kadence-advancedheading.kt-adv-heading314_5d02dc-da mark.kt-highlight, .wp-block-kadence-advancedheading.kt-adv-heading314_5d02dc-da[data-kb-block=\"kb-adv-heading314_5d02dc-da\"] mark.kt-highlight{font-style:normal;color:#f76a0c;-webkit-box-decoration-break:clone;box-decoration-break:clone;padding-top:0px;padding-right:0px;padding-bottom:0px;padding-left:0px;}.wp-block-kadence-advancedheading.kt-adv-heading314_5d02dc-da img.kb-inline-image, .wp-block-kadence-advancedheading.kt-adv-heading314_5d02dc-da[data-kb-block=\"kb-adv-heading314_5d02dc-da\"] img.kb-inline-image{width:150px;vertical-align:baseline;}<\/style>\n<p class=\"kt-adv-heading314_5d02dc-da wp-block-kadence-advancedheading\" data-kb-block=\"kb-adv-heading314_5d02dc-da\"><strong>E-Books<\/strong><\/p>\n\n<\/314_60dfd4-95>\n\n<td class=\"kb-table-data kb-table-data314_7c1578-c2\">\n\n<p>18 Euro im Jahr<\/p>\n\n<\/314_7c1578-c2>\n<\/tr>\n<\/table><\/div><\/div><\/div>\n\n<\/div><\/div>","protected":false},"excerpt":{"rendered":"<p>Geb\u00fchren Wir m\u00f6chten, dass Lesen f\u00fcr alle m\u00f6glich ist \u2013 besonders f\u00fcr Familien mit Kindern. Deshalb halten wir unsere Geb\u00fchren f\u00fcr unser Angebot bewusst niedrig. Es gibt zwei Stufen: eine f\u00fcr Erwachsene und eine f\u00fcr Kinder, Jugendliche und Senior*innen. Sollte ein Buch einmal l\u00e4nger im Regal stehen bleiben und nicht p\u00fcnktlich zur\u00fcckkommen, ist das kein&#8230;<\/p>\n","protected":false},"author":1,"featured_media":0,"parent":0,"menu_order":0,"comment_status":"closed","ping_status":"closed","template":"","meta":{"_kad_post_transparent":"","_kad_post_title":"","_kad_post_layout":"","_kad_post_sidebar_id":"","_kad_post_content_style":"","_kad_post_vertical_padding":"","_kad_post_feature":"","_kad_post_feature_position":"","_kad_post_header":false,"_kad_post_footer":false,"_kad_post_classname":"","footnotes":""},"class_list":["post-314","page","type-page","status-publish","hentry"],"_links":{"self":[{"href":"https:\/\/buecherei.haidershofen.at\/bv_wp\/wp-json\/wp\/v2\/pages\/314","targetHints":{"allow":["GET"]}}],"collection":[{"href":"https:\/\/buecherei.haidershofen.at\/bv_wp\/wp-json\/wp\/v2\/pages"}],"about":[{"href":"https:\/\/buecherei.haidershofen.at\/bv_wp\/wp-json\/wp\/v2\/types\/page"}],"author":[{"embeddable":true,"href":"https:\/\/buecherei.haidershofen.at\/bv_wp\/wp-json\/wp\/v2\/users\/1"}],"replies":[{"embeddable":true,"href":"https:\/\/buecherei.haidershofen.at\/bv_wp\/wp-json\/wp\/v2\/comments?post=314"}],"version-history":[{"count":54,"href":"https:\/\/buecherei.haidershofen.at\/bv_wp\/wp-json\/wp\/v2\/pages\/314\/revisions"}],"predecessor-version":[{"id":770,"href":"https:\/\/buecherei.haidershofen.at\/bv_wp\/wp-json\/wp\/v2\/pages\/314\/revisions\/770"}],"wp:attachment":[{"href":"https:\/\/buecherei.haidershofen.at\/bv_wp\/wp-json\/wp\/v2\/media?parent=314"}],"curies":[{"name":"wp","href":"https:\/\/api.w.org\/{rel}","templated":true}]}}