{"id":318,"date":"2025-11-13T16:31:41","date_gmt":"2025-11-13T15:31:41","guid":{"rendered":"https:\/\/buecherei.haidershofen.at\/bv_wp\/?page_id=318"},"modified":"2026-02-01T13:53:00","modified_gmt":"2026-02-01T12:53:00","slug":"partner","status":"publish","type":"page","link":"https:\/\/buecherei.haidershofen.at\/bv_wp\/partner\/","title":{"rendered":"Partner"},"content":{"rendered":"<style>.kadence-column318_f03a68-d1 > .kt-inside-inner-col,.kadence-column318_f03a68-d1 > .kt-inside-inner-col:before{border-top-left-radius:0px;border-top-right-radius:0px;border-bottom-right-radius:0px;border-bottom-left-radius:0px;}.kadence-column318_f03a68-d1 > .kt-inside-inner-col{column-gap:var(--global-kb-gap-sm, 1rem);}.kadence-column318_f03a68-d1 > .kt-inside-inner-col{flex-direction:column;}.kadence-column318_f03a68-d1 > .kt-inside-inner-col > .aligncenter{width:100%;}.kadence-column318_f03a68-d1 > .kt-inside-inner-col:before{opacity:0.3;}.kadence-column318_f03a68-d1{position:relative;}@media all and (max-width: 1024px){.kadence-column318_f03a68-d1 > .kt-inside-inner-col{flex-direction:column;justify-content:center;}}@media all and (max-width: 767px){.kadence-column318_f03a68-d1 > .kt-inside-inner-col{flex-direction:column;justify-content:center;}}.kadence-column318_f03a68-d1 {  }<\/style>\n<div class=\"wp-block-kadence-column kadence-column318_f03a68-d1\"><div class=\"kt-inside-inner-col\">\n<div class=\"wp-block-cover has-custom-content-position is-position-bottom-center\" style=\"margin-top:0px;margin-bottom:0px;padding-top:0px;padding-bottom:0px;min-height:40vh;aspect-ratio:unset;\"><img loading=\"lazy\" decoding=\"async\" width=\"1024\" height=\"683\" class=\"wp-block-cover__image-background wp-image-389 size-large\" alt=\"\" src=\"https:\/\/buecherei.haidershofen.at\/bv_wp\/wp-content\/uploads\/2025\/11\/book-library-with-open-textbook-1024x683.jpg\" data-object-fit=\"cover\" srcset=\"https:\/\/buecherei.haidershofen.at\/bv_wp\/wp-content\/uploads\/2025\/11\/book-library-with-open-textbook-1024x683.jpg 1024w, https:\/\/buecherei.haidershofen.at\/bv_wp\/wp-content\/uploads\/2025\/11\/book-library-with-open-textbook-300x200.jpg 300w, https:\/\/buecherei.haidershofen.at\/bv_wp\/wp-content\/uploads\/2025\/11\/book-library-with-open-textbook-768x513.jpg 768w, https:\/\/buecherei.haidershofen.at\/bv_wp\/wp-content\/uploads\/2025\/11\/book-library-with-open-textbook-1536x1025.jpg 1536w, https:\/\/buecherei.haidershofen.at\/bv_wp\/wp-content\/uploads\/2025\/11\/book-library-with-open-textbook-2048x1367.jpg 2048w\" sizes=\"auto, (max-width: 1024px) 100vw, 1024px\" \/><span aria-hidden=\"true\" class=\"wp-block-cover__background has-theme-palette-2-background-color has-background-dim\"><\/span><div class=\"wp-block-cover__inner-container is-layout-constrained wp-block-cover-is-layout-constrained\"><style>.wp-block-kadence-advancedheading.kt-adv-heading318_58b0b0-66, .wp-block-kadence-advancedheading.kt-adv-heading318_58b0b0-66[data-kb-block=\"kb-adv-heading318_58b0b0-66\"]{padding-bottom:var(--global-kb-spacing-md, 2rem);margin-left:var(--global-kb-spacing-5xl, 10rem);font-size:var(--global-kb-font-size-xl, 3rem);line-height:1.1;font-style:normal;}.wp-block-kadence-advancedheading.kt-adv-heading318_58b0b0-66 mark.kt-highlight, .wp-block-kadence-advancedheading.kt-adv-heading318_58b0b0-66[data-kb-block=\"kb-adv-heading318_58b0b0-66\"] mark.kt-highlight{font-style:normal;color:#f76a0c;-webkit-box-decoration-break:clone;box-decoration-break:clone;padding-top:0px;padding-right:0px;padding-bottom:0px;padding-left:0px;}.wp-block-kadence-advancedheading.kt-adv-heading318_58b0b0-66 img.kb-inline-image, .wp-block-kadence-advancedheading.kt-adv-heading318_58b0b0-66[data-kb-block=\"kb-adv-heading318_58b0b0-66\"] img.kb-inline-image{width:150px;vertical-align:baseline;}<\/style>\n<h1 class=\"kt-adv-heading318_58b0b0-66 wp-block-kadence-advancedheading has-theme-palette-3-color has-text-color\" data-kb-block=\"kb-adv-heading318_58b0b0-66\">Unsere Partner &amp; Sponsoren<\/h1>\n<\/div><\/div>\n\n\n\n<div class=\"wp-block-columns is-layout-flex wp-container-core-columns-is-layout-316815a9 wp-block-columns-is-layout-flex\" style=\"margin-top:2%;margin-bottom:2%;padding-right:8%;padding-left:8%\">\n<div class=\"wp-block-column is-vertically-aligned-center is-layout-flow wp-block-column-is-layout-flow\" style=\"padding-top:0;padding-right:8%;padding-bottom:0;padding-left:8%;flex-basis:100%\"><style>.wp-block-kadence-advancedheading.kt-adv-heading318_1af522-e7, .wp-block-kadence-advancedheading.kt-adv-heading318_1af522-e7[data-kb-block=\"kb-adv-heading318_1af522-e7\"]{text-align:center;font-style:normal;}.wp-block-kadence-advancedheading.kt-adv-heading318_1af522-e7 mark.kt-highlight, .wp-block-kadence-advancedheading.kt-adv-heading318_1af522-e7[data-kb-block=\"kb-adv-heading318_1af522-e7\"] mark.kt-highlight{font-style:normal;color:#f76a0c;-webkit-box-decoration-break:clone;box-decoration-break:clone;padding-top:0px;padding-right:0px;padding-bottom:0px;padding-left:0px;}.wp-block-kadence-advancedheading.kt-adv-heading318_1af522-e7 img.kb-inline-image, .wp-block-kadence-advancedheading.kt-adv-heading318_1af522-e7[data-kb-block=\"kb-adv-heading318_1af522-e7\"] img.kb-inline-image{width:150px;vertical-align:baseline;}<\/style>\n<h2 class=\"kt-adv-heading318_1af522-e7 wp-block-kadence-advancedheading\" data-kb-block=\"kb-adv-heading318_1af522-e7\">Sponsoren<\/h2>\n\n\n<style>.wp-block-kadence-advancedheading.kt-adv-heading318_f10c13-7a, .wp-block-kadence-advancedheading.kt-adv-heading318_f10c13-7a[data-kb-block=\"kb-adv-heading318_f10c13-7a\"]{padding-top:0px;padding-bottom:0px;margin-top:var(--global-kb-spacing-xxs, 0.5rem);margin-bottom:var(--global-kb-spacing-xl, 4rem);text-align:left;font-size:1rem;font-weight:400;font-style:normal;font-family:'Open Sans';}.wp-block-kadence-advancedheading.kt-adv-heading318_f10c13-7a mark.kt-highlight, .wp-block-kadence-advancedheading.kt-adv-heading318_f10c13-7a[data-kb-block=\"kb-adv-heading318_f10c13-7a\"] mark.kt-highlight{font-style:normal;color:#f76a0c;-webkit-box-decoration-break:clone;box-decoration-break:clone;padding-top:0px;padding-right:0px;padding-bottom:0px;padding-left:0px;}.wp-block-kadence-advancedheading.kt-adv-heading318_f10c13-7a img.kb-inline-image, .wp-block-kadence-advancedheading.kt-adv-heading318_f10c13-7a[data-kb-block=\"kb-adv-heading318_f10c13-7a\"] img.kb-inline-image{width:150px;vertical-align:baseline;}<\/style>\n<p class=\"kt-adv-heading318_f10c13-7a wp-block-kadence-advancedheading\" data-kb-block=\"kb-adv-heading318_f10c13-7a\">Wir sagen danke! Denn die gro\u00dfe Auswahl unserer Zeitschriften haben wir nur unseren zahlreichen Sponsoren zu danken: <\/p>\n\n\n\n<div class=\"wp-block-columns alignwide are-vertically-aligned-center is-layout-flex wp-container-core-columns-is-layout-6d257fe9 wp-block-columns-is-layout-flex\" style=\"padding-right:8%;padding-left:8%\">\n<div class=\"wp-block-column is-vertically-aligned-center is-layout-flow wp-block-column-is-layout-flow\">\n<figure class=\"wp-block-image size-full\"><img loading=\"lazy\" decoding=\"async\" width=\"346\" height=\"107\" src=\"https:\/\/buecherei.haidershofen.at\/bv_wp\/wp-content\/uploads\/2026\/02\/logo_1.webp\" alt=\"reitbauer\" class=\"wp-image-774\" srcset=\"https:\/\/buecherei.haidershofen.at\/bv_wp\/wp-content\/uploads\/2026\/02\/logo_1.webp 346w, https:\/\/buecherei.haidershofen.at\/bv_wp\/wp-content\/uploads\/2026\/02\/logo_1-300x93.webp 300w\" sizes=\"auto, (max-width: 346px) 100vw, 346px\" \/><\/figure>\n<\/div>\n\n\n\n<div class=\"wp-block-column is-vertically-aligned-center is-layout-flow wp-block-column-is-layout-flow\">\n<figure class=\"wp-block-image size-full\"><img decoding=\"async\" src=\"https:\/\/buecherei.haidershofen.at\/bv_wp\/wp-content\/uploads\/2026\/02\/bimato_sports_logo_09_11_2016_7168545970625314275_large.png\" alt=\"bimato\" class=\"wp-image-771\"\/><\/figure>\n<\/div>\n\n\n\n<div class=\"wp-block-column is-vertically-aligned-center is-layout-flow wp-block-column-is-layout-flow\">\n<figure class=\"wp-block-image size-full\"><img decoding=\"async\" src=\"https:\/\/buecherei.haidershofen.at\/bv_wp\/wp-content\/uploads\/2026\/02\/images.jpg\" alt=\"gegenhuber\" class=\"wp-image-772\"\/><\/figure>\n<\/div>\n\n\n\n<div class=\"wp-block-column is-vertically-aligned-center is-layout-flow wp-block-column-is-layout-flow\"><div class=\"wp-block-image\">\n<figure class=\"aligncenter size-full\"><img decoding=\"async\" src=\"https:\/\/buecherei.haidershofen.at\/bv_wp\/wp-content\/uploads\/2026\/02\/trilogie.jpg\" alt=\"cafe trilogie\" class=\"wp-image-779\"\/><\/figure><\/div><\/div>\n<\/div>\n\n\n\n<div class=\"wp-block-columns is-layout-flex wp-container-core-columns-is-layout-6d257fe9 wp-block-columns-is-layout-flex\" style=\"padding-right:8%;padding-left:8%\">\n<div class=\"wp-block-column is-layout-flow wp-block-column-is-layout-flow\">\n<figure class=\"wp-block-image size-full\"><img loading=\"lazy\" decoding=\"async\" width=\"344\" height=\"146\" src=\"https:\/\/buecherei.haidershofen.at\/bv_wp\/wp-content\/uploads\/2026\/02\/images.png\" alt=\"max lochboden\" class=\"wp-image-773\" srcset=\"https:\/\/buecherei.haidershofen.at\/bv_wp\/wp-content\/uploads\/2026\/02\/images.png 344w, https:\/\/buecherei.haidershofen.at\/bv_wp\/wp-content\/uploads\/2026\/02\/images-300x127.png 300w\" sizes=\"auto, (max-width: 344px) 100vw, 344px\" \/><\/figure>\n<\/div>\n\n\n\n<div class=\"wp-block-column is-layout-flow wp-block-column-is-layout-flow\">\n<figure class=\"wp-block-image size-full\"><img loading=\"lazy\" decoding=\"async\" width=\"600\" height=\"281\" src=\"https:\/\/buecherei.haidershofen.at\/bv_wp\/wp-content\/uploads\/2026\/02\/Menzl-Logo-600px.png\" alt=\"rudolf menzl\" class=\"wp-image-775\" srcset=\"https:\/\/buecherei.haidershofen.at\/bv_wp\/wp-content\/uploads\/2026\/02\/Menzl-Logo-600px.png 600w, https:\/\/buecherei.haidershofen.at\/bv_wp\/wp-content\/uploads\/2026\/02\/Menzl-Logo-600px-300x141.png 300w\" sizes=\"auto, (max-width: 600px) 100vw, 600px\" \/><\/figure>\n<\/div>\n\n\n\n<div class=\"wp-block-column is-layout-flow wp-block-column-is-layout-flow\">\n<figure class=\"wp-block-image size-full\"><img loading=\"lazy\" decoding=\"async\" width=\"414\" height=\"122\" src=\"https:\/\/buecherei.haidershofen.at\/bv_wp\/wp-content\/uploads\/2026\/02\/raika.png\" alt=\"raiffeisenkasse haidershofen\" class=\"wp-image-776\" srcset=\"https:\/\/buecherei.haidershofen.at\/bv_wp\/wp-content\/uploads\/2026\/02\/raika.png 414w, https:\/\/buecherei.haidershofen.at\/bv_wp\/wp-content\/uploads\/2026\/02\/raika-300x88.png 300w\" sizes=\"auto, (max-width: 414px) 100vw, 414px\" \/><\/figure>\n<\/div>\n\n\n\n<div class=\"wp-block-column is-layout-flow wp-block-column-is-layout-flow\">\n<figure class=\"wp-block-image size-full\"><img loading=\"lazy\" decoding=\"async\" width=\"412\" height=\"112\" src=\"https:\/\/buecherei.haidershofen.at\/bv_wp\/wp-content\/uploads\/2026\/02\/ratzinger.png\" alt=\"ratzinger tischlerhandwerk\" class=\"wp-image-778\" srcset=\"https:\/\/buecherei.haidershofen.at\/bv_wp\/wp-content\/uploads\/2026\/02\/ratzinger.png 412w, https:\/\/buecherei.haidershofen.at\/bv_wp\/wp-content\/uploads\/2026\/02\/ratzinger-300x82.png 300w\" sizes=\"auto, (max-width: 412px) 100vw, 412px\" \/><\/figure>\n<\/div>\n<\/div>\n<\/div>\n<\/div>\n\n\n\n<div class=\"wp-block-columns has-theme-palette-7-background-color has-background is-layout-flex wp-container-core-columns-is-layout-31ae921d wp-block-columns-is-layout-flex\" style=\"margin-top:2%;margin-bottom:0%;padding-right:8%;padding-left:8%\">\n<div class=\"wp-block-column is-vertically-aligned-center is-layout-flow wp-block-column-is-layout-flow\" style=\"padding-top:0;padding-right:8%;padding-bottom:var(--wp--preset--spacing--50);padding-left:8%;flex-basis:100%\"><style>.wp-block-kadence-advancedheading.kt-adv-heading318_471cf3-79, .wp-block-kadence-advancedheading.kt-adv-heading318_471cf3-79[data-kb-block=\"kb-adv-heading318_471cf3-79\"]{text-align:center;font-style:normal;}.wp-block-kadence-advancedheading.kt-adv-heading318_471cf3-79 mark.kt-highlight, .wp-block-kadence-advancedheading.kt-adv-heading318_471cf3-79[data-kb-block=\"kb-adv-heading318_471cf3-79\"] mark.kt-highlight{font-style:normal;color:#f76a0c;-webkit-box-decoration-break:clone;box-decoration-break:clone;padding-top:0px;padding-right:0px;padding-bottom:0px;padding-left:0px;}.wp-block-kadence-advancedheading.kt-adv-heading318_471cf3-79 img.kb-inline-image, .wp-block-kadence-advancedheading.kt-adv-heading318_471cf3-79[data-kb-block=\"kb-adv-heading318_471cf3-79\"] img.kb-inline-image{width:150px;vertical-align:baseline;}<\/style>\n<h2 class=\"kt-adv-heading318_471cf3-79 wp-block-kadence-advancedheading\" data-kb-block=\"kb-adv-heading318_471cf3-79\">Partner<\/h2>\n\n\n<style>.wp-block-kadence-advancedheading.kt-adv-heading318_688961-15, .wp-block-kadence-advancedheading.kt-adv-heading318_688961-15[data-kb-block=\"kb-adv-heading318_688961-15\"]{padding-top:0px;padding-bottom:0px;margin-top:var(--global-kb-spacing-xxs, 0.5rem);margin-bottom:var(--global-kb-spacing-md, 2rem);text-align:left;font-size:1.1rem;font-weight:400;font-style:normal;font-family:'Open Sans';}.wp-block-kadence-advancedheading.kt-adv-heading318_688961-15 mark.kt-highlight, .wp-block-kadence-advancedheading.kt-adv-heading318_688961-15[data-kb-block=\"kb-adv-heading318_688961-15\"] mark.kt-highlight{font-style:normal;color:#f76a0c;-webkit-box-decoration-break:clone;box-decoration-break:clone;padding-top:0px;padding-right:0px;padding-bottom:0px;padding-left:0px;}.wp-block-kadence-advancedheading.kt-adv-heading318_688961-15 img.kb-inline-image, .wp-block-kadence-advancedheading.kt-adv-heading318_688961-15[data-kb-block=\"kb-adv-heading318_688961-15\"] img.kb-inline-image{width:150px;vertical-align:baseline;}<\/style>\n<p class=\"kt-adv-heading318_688961-15 wp-block-kadence-advancedheading\" data-kb-block=\"kb-adv-heading318_688961-15\">Nicht nur unsere Sponsoren sind ein gro\u00dfer St\u00fctzpunkt, auch unsere Partner sind f\u00fcr uns besonders wichtig.<\/p>\n\n\n\n<p style=\"margin-top:var(--wp--preset--spacing--20);margin-bottom:var(--wp--preset--spacing--20)\">Die wichtigsten Partner f\u00fcr uns sind unsere Tr\u00e4ger:<\/p>\n\n\n\n<ul class=\"wp-block-list\">\n<li>die <a href=\"http:\/\/www.haidershofen.gv.at\" target=\"_blank\" rel=\"noreferrer noopener\">Gemeinde Haidershofen<\/a><\/li>\n\n\n\n<li>die <a href=\"http:\/\/pfarre.kirche.at\/vestenthal\" target=\"_blank\" rel=\"noreferrer noopener\">Pfarre Vestenthal<\/a><\/li>\n<\/ul>\n\n\n\n<p style=\"margin-top:var(--wp--preset--spacing--20);margin-right:0;margin-bottom:var(--wp--preset--spacing--20);margin-left:0\">Zus\u00e4tzlich gibt es noch weitere Unternehmen, die unsere B\u00fccherei-Arbeit unterst\u00fctzen:<\/p>\n\n\n\n<ul class=\"wp-block-list\">\n<li style=\"margin-top:0;margin-bottom:0\"><a href=\"http:\/\/www.raiffeisen.at\/haidershofen\" target=\"_blank\" rel=\"noreferrer noopener\">Raiffeisenkasse Haidershofen<\/a><\/li>\n<\/ul>\n\n\n\n<p style=\"margin-top:var(--wp--preset--spacing--20);margin-bottom:var(--wp--preset--spacing--20)\">Eine gute Zusammenarbeit und auch Unterst\u00fctzung durch Subventionen gibt es mit folgenden Institutionen:<\/p>\n\n\n\n<ul style=\"margin-top:0;margin-bottom:0\" class=\"wp-block-list\">\n<li style=\"margin-top:0;margin-bottom:0\"><a href=\"http:\/\/bibliotheksfachstelle.dsp.at\/\" target=\"_blank\" rel=\"noreferrer noopener\">Bibliotheksfachstelle<\/a> der Di\u00f6zese St. P\u00f6lten<\/li>\n\n\n\n<li><a href=\"http:\/\/www.bvoe.at\" target=\"_blank\" rel=\"noreferrer noopener\">BV\u00d6<\/a> (B\u00fcchereiverband \u00d6sterreichs)<\/li>\n<\/ul>\n<\/div>\n<\/div>\n<\/div><\/div>\n","protected":false},"excerpt":{"rendered":"<p>Sponsoren Wir sagen danke! Denn die gro\u00dfe Auswahl unserer Zeitschriften haben wir nur unseren zahlreichen Sponsoren zu danken: Partner Nicht nur unsere Sponsoren sind ein gro\u00dfer St\u00fctzpunkt, auch unsere Partner sind f\u00fcr uns besonders wichtig. Die wichtigsten Partner f\u00fcr uns sind unsere Tr\u00e4ger: Zus\u00e4tzlich gibt es noch weitere Unternehmen, die unsere B\u00fccherei-Arbeit unterst\u00fctzen: Eine gute&#8230;<\/p>\n","protected":false},"author":1,"featured_media":0,"parent":0,"menu_order":0,"comment_status":"closed","ping_status":"closed","template":"","meta":{"_kad_post_transparent":"","_kad_post_title":"","_kad_post_layout":"","_kad_post_sidebar_id":"","_kad_post_content_style":"","_kad_post_vertical_padding":"","_kad_post_feature":"","_kad_post_feature_position":"","_kad_post_header":false,"_kad_post_footer":false,"_kad_post_classname":"","footnotes":""},"class_list":["post-318","page","type-page","status-publish","hentry"],"_links":{"self":[{"href":"https:\/\/buecherei.haidershofen.at\/bv_wp\/wp-json\/wp\/v2\/pages\/318","targetHints":{"allow":["GET"]}}],"collection":[{"href":"https:\/\/buecherei.haidershofen.at\/bv_wp\/wp-json\/wp\/v2\/pages"}],"about":[{"href":"https:\/\/buecherei.haidershofen.at\/bv_wp\/wp-json\/wp\/v2\/types\/page"}],"author":[{"embeddable":true,"href":"https:\/\/buecherei.haidershofen.at\/bv_wp\/wp-json\/wp\/v2\/users\/1"}],"replies":[{"embeddable":true,"href":"https:\/\/buecherei.haidershofen.at\/bv_wp\/wp-json\/wp\/v2\/comments?post=318"}],"version-history":[{"count":22,"href":"https:\/\/buecherei.haidershofen.at\/bv_wp\/wp-json\/wp\/v2\/pages\/318\/revisions"}],"predecessor-version":[{"id":781,"href":"https:\/\/buecherei.haidershofen.at\/bv_wp\/wp-json\/wp\/v2\/pages\/318\/revisions\/781"}],"wp:attachment":[{"href":"https:\/\/buecherei.haidershofen.at\/bv_wp\/wp-json\/wp\/v2\/media?parent=318"}],"curies":[{"name":"wp","href":"https:\/\/api.w.org\/{rel}","templated":true}]}}