{"id":690,"date":"2026-01-31T22:24:33","date_gmt":"2026-01-31T21:24:33","guid":{"rendered":"https:\/\/buecherei.haidershofen.at\/bv_wp\/?page_id=690"},"modified":"2026-02-03T18:24:00","modified_gmt":"2026-02-03T17:24:00","slug":"ueber-uns","status":"publish","type":"page","link":"https:\/\/buecherei.haidershofen.at\/bv_wp\/ueber-uns\/","title":{"rendered":"\u00dcber Uns"},"content":{"rendered":"\n<div class=\"wp-block-columns is-layout-flex wp-container-core-columns-is-layout-fb5a0235 wp-block-columns-is-layout-flex\" style=\"margin-top:3%;padding-top:0%;padding-right:8%;padding-left:8%\">\n<div class=\"wp-block-column is-layout-flow wp-block-column-is-layout-flow\"><style>.kb-image690_4802fe-9d .kb-image-has-overlay:after{opacity:0.3;border-top-left-radius:30px;border-top-right-radius:30px;border-bottom-right-radius:30px;border-bottom-left-radius:30px;}.kb-image690_4802fe-9d img.kb-img, .kb-image690_4802fe-9d .kb-img img{border-top-left-radius:30px;border-top-right-radius:30px;border-bottom-right-radius:30px;border-bottom-left-radius:30px;}<\/style>\n<figure class=\"wp-block-kadence-image kb-image690_4802fe-9d size-full\"><img loading=\"lazy\" decoding=\"async\" width=\"1024\" height=\"685\" src=\"https:\/\/buecherei.haidershofen.at\/bv_wp\/wp-content\/uploads\/2025\/11\/DSC_0080-1024x685-2.jpg\" alt=\"\" class=\"kb-img wp-image-237\" srcset=\"https:\/\/buecherei.haidershofen.at\/bv_wp\/wp-content\/uploads\/2025\/11\/DSC_0080-1024x685-2.jpg 1024w, https:\/\/buecherei.haidershofen.at\/bv_wp\/wp-content\/uploads\/2025\/11\/DSC_0080-1024x685-2-300x201.jpg 300w, https:\/\/buecherei.haidershofen.at\/bv_wp\/wp-content\/uploads\/2025\/11\/DSC_0080-1024x685-2-768x514.jpg 768w\" sizes=\"auto, (max-width: 1024px) 100vw, 1024px\" \/><\/figure>\n<\/div>\n\n\n\n<div class=\"wp-block-column is-layout-flow wp-block-column-is-layout-flow\"><style>.wp-block-kadence-advancedheading.kt-adv-heading690_ac292b-68, .wp-block-kadence-advancedheading.kt-adv-heading690_ac292b-68[data-kb-block=\"kb-adv-heading690_ac292b-68\"]{font-style:normal;}.wp-block-kadence-advancedheading.kt-adv-heading690_ac292b-68 mark.kt-highlight, .wp-block-kadence-advancedheading.kt-adv-heading690_ac292b-68[data-kb-block=\"kb-adv-heading690_ac292b-68\"] mark.kt-highlight{font-style:normal;color:#f76a0c;-webkit-box-decoration-break:clone;box-decoration-break:clone;padding-top:0px;padding-right:0px;padding-bottom:0px;padding-left:0px;}.wp-block-kadence-advancedheading.kt-adv-heading690_ac292b-68 img.kb-inline-image, .wp-block-kadence-advancedheading.kt-adv-heading690_ac292b-68[data-kb-block=\"kb-adv-heading690_ac292b-68\"] img.kb-inline-image{width:150px;vertical-align:baseline;}<\/style>\n<h2 class=\"kt-adv-heading690_ac292b-68 wp-block-kadence-advancedheading has-theme-palette-3-color has-text-color\" data-kb-block=\"kb-adv-heading690_ac292b-68\">\u00dcber Uns<\/h2>\n\n\n<style>.wp-block-kadence-advancedheading.kt-adv-heading690_2336e7-13, .wp-block-kadence-advancedheading.kt-adv-heading690_2336e7-13[data-kb-block=\"kb-adv-heading690_2336e7-13\"]{font-style:normal;}.wp-block-kadence-advancedheading.kt-adv-heading690_2336e7-13 mark.kt-highlight, .wp-block-kadence-advancedheading.kt-adv-heading690_2336e7-13[data-kb-block=\"kb-adv-heading690_2336e7-13\"] mark.kt-highlight{font-style:normal;color:#f76a0c;-webkit-box-decoration-break:clone;box-decoration-break:clone;padding-top:0px;padding-right:0px;padding-bottom:0px;padding-left:0px;}.wp-block-kadence-advancedheading.kt-adv-heading690_2336e7-13 img.kb-inline-image, .wp-block-kadence-advancedheading.kt-adv-heading690_2336e7-13[data-kb-block=\"kb-adv-heading690_2336e7-13\"] img.kb-inline-image{width:150px;vertical-align:baseline;}<\/style>\n<p class=\"kt-adv-heading690_2336e7-13 wp-block-kadence-advancedheading\" data-kb-block=\"kb-adv-heading690_2336e7-13\">Keine B\u00fccherei funktioniert ohne engagierte Menschen, die sie mit Leben f\u00fcllen \u2013 unser Team!<br>Unsere Aufgaben sind vielf\u00e4ltig und sorgen daf\u00fcr, dass der Betrieb rundl\u00e4uft und das Angebot lebendig bleibt:<\/p>\n\n\n\n<div class=\"wp-block-columns is-layout-flex wp-container-core-columns-is-layout-9d6595d7 wp-block-columns-is-layout-flex\">\n<div class=\"wp-block-column is-layout-flow wp-block-column-is-layout-flow\" style=\"flex-basis:66.66%\">\n<ul class=\"wp-block-list\">\n<li style=\"font-size:1rem\"><strong>Auswahl und Beschaffung<\/strong> neuer Medien, vor allem B\u00fccher<\/li>\n\n\n\n<li><strong>Einarbeitung der Medien<\/strong> \u2013 vom Einbinden bis zur Katalogisierung<\/li>\n\n\n\n<li><strong>Organisation des Entlehnverkehrs<\/strong> und Betreuung der Ausleihe<\/li>\n\n\n\n<li><strong>Beratung<\/strong> bei der Buchauswahl<\/li>\n\n\n\n<li><strong>Planung und Durchf\u00fchrung<\/strong> von Veranstaltungen wie Lesungen, Schulbesuchen und Aktionen<\/li>\n\n\n\n<li><strong>\u00d6ffentlichkeitsarbeit und B\u00fcchereiwerbung<\/strong><\/li>\n\n\n\n<li><strong>Teilnahme an Fortbildungen<\/strong>, um stets auf dem neuesten Stand zu bleiben<\/li>\n<\/ul>\n<\/div>\n\n\n\n<div class=\"wp-block-column is-vertically-aligned-bottom is-layout-flow wp-block-column-is-layout-flow\" style=\"flex-basis:33.33%\"><style>.kb-image690_f05884-c7.kb-image-is-ratio-size, .kb-image690_f05884-c7 .kb-image-is-ratio-size{max-width:150px;width:100%;}.wp-block-kadence-column > .kt-inside-inner-col > .kb-image690_f05884-c7.kb-image-is-ratio-size, .wp-block-kadence-column > .kt-inside-inner-col > .kb-image690_f05884-c7 .kb-image-is-ratio-size{align-self:unset;}.kb-image690_f05884-c7 figure{max-width:150px;}.kb-image690_f05884-c7 .image-is-svg, .kb-image690_f05884-c7 .image-is-svg img{width:100%;}.kb-image690_f05884-c7 .kb-image-has-overlay:after{opacity:0.3;}<\/style>\n<div class=\"wp-block-kadence-image kb-image690_f05884-c7\"><figure class=\"alignright size-full\"><img loading=\"lazy\" decoding=\"async\" width=\"972\" height=\"971\" src=\"https:\/\/buecherei.haidershofen.at\/bv_wp\/wp-content\/uploads\/2026\/02\/Wiedehopf-edited-e1770138423910.png\" alt=\"\" class=\"kb-img wp-image-820\" srcset=\"https:\/\/buecherei.haidershofen.at\/bv_wp\/wp-content\/uploads\/2026\/02\/Wiedehopf-edited-e1770138423910.png 972w, https:\/\/buecherei.haidershofen.at\/bv_wp\/wp-content\/uploads\/2026\/02\/Wiedehopf-edited-e1770138423910-300x300.png 300w, https:\/\/buecherei.haidershofen.at\/bv_wp\/wp-content\/uploads\/2026\/02\/Wiedehopf-edited-e1770138423910-150x150.png 150w, https:\/\/buecherei.haidershofen.at\/bv_wp\/wp-content\/uploads\/2026\/02\/Wiedehopf-edited-e1770138423910-768x767.png 768w\" sizes=\"auto, (max-width: 972px) 100vw, 972px\" \/><\/figure><\/div>\n<\/div>\n<\/div>\n<\/div>\n<\/div>\n\n\n\n<p><\/p>\n","protected":false},"excerpt":{"rendered":"<p>\u00dcber Uns Keine B\u00fccherei funktioniert ohne engagierte Menschen, die sie mit Leben f\u00fcllen \u2013 unser Team!Unsere Aufgaben sind vielf\u00e4ltig und sorgen daf\u00fcr, dass der Betrieb rundl\u00e4uft und das Angebot lebendig bleibt:<\/p>\n","protected":false},"author":1,"featured_media":0,"parent":0,"menu_order":0,"comment_status":"closed","ping_status":"closed","template":"","meta":{"_kad_post_transparent":"","_kad_post_title":"","_kad_post_layout":"","_kad_post_sidebar_id":"","_kad_post_content_style":"","_kad_post_vertical_padding":"","_kad_post_feature":"","_kad_post_feature_position":"","_kad_post_header":false,"_kad_post_footer":false,"_kad_post_classname":"","footnotes":""},"class_list":["post-690","page","type-page","status-publish","hentry"],"_links":{"self":[{"href":"https:\/\/buecherei.haidershofen.at\/bv_wp\/wp-json\/wp\/v2\/pages\/690","targetHints":{"allow":["GET"]}}],"collection":[{"href":"https:\/\/buecherei.haidershofen.at\/bv_wp\/wp-json\/wp\/v2\/pages"}],"about":[{"href":"https:\/\/buecherei.haidershofen.at\/bv_wp\/wp-json\/wp\/v2\/types\/page"}],"author":[{"embeddable":true,"href":"https:\/\/buecherei.haidershofen.at\/bv_wp\/wp-json\/wp\/v2\/users\/1"}],"replies":[{"embeddable":true,"href":"https:\/\/buecherei.haidershofen.at\/bv_wp\/wp-json\/wp\/v2\/comments?post=690"}],"version-history":[{"count":6,"href":"https:\/\/buecherei.haidershofen.at\/bv_wp\/wp-json\/wp\/v2\/pages\/690\/revisions"}],"predecessor-version":[{"id":848,"href":"https:\/\/buecherei.haidershofen.at\/bv_wp\/wp-json\/wp\/v2\/pages\/690\/revisions\/848"}],"wp:attachment":[{"href":"https:\/\/buecherei.haidershofen.at\/bv_wp\/wp-json\/wp\/v2\/media?parent=690"}],"curies":[{"name":"wp","href":"https:\/\/api.w.org\/{rel}","templated":true}]}}